{"id":26,"date":"2020-07-15T09:43:58","date_gmt":"2020-07-15T09:43:58","guid":{"rendered":"https:\/\/mittelschule.st-aegidi.at\/?page_id=26"},"modified":"2025-06-23T11:50:33","modified_gmt":"2025-06-23T11:50:33","slug":"links-zu-internetadressen","status":"publish","type":"page","link":"https:\/\/mittelschule.st-aegidi.at\/index.php\/links-zu-internetadressen\/","title":{"rendered":"LINKS"},"content":{"rendered":"\t\t<div data-elementor-type=\"wp-page\" data-elementor-id=\"26\" class=\"elementor elementor-26\">\n\t\t\t\t\t\t<section class=\"elementor-section elementor-top-section elementor-element elementor-element-f57e558 elementor-section-boxed elementor-section-height-default elementor-section-height-default\" data-id=\"f57e558\" data-element_type=\"section\">\n\t\t\t\t\t\t<div class=\"elementor-container elementor-column-gap-default\">\n\t\t\t\t\t<div class=\"elementor-column elementor-col-100 elementor-top-column elementor-element elementor-element-df7f085\" data-id=\"df7f085\" data-element_type=\"column\">\n\t\t\t<div class=\"elementor-widget-wrap elementor-element-populated\">\n\t\t\t\t\t\t<div class=\"elementor-element elementor-element-a3108bf elementor-widget elementor-widget-text-editor\" data-id=\"a3108bf\" data-element_type=\"widget\" data-widget_type=\"text-editor.default\">\n\t\t\t\t<div class=\"elementor-widget-container\">\n\t\t\t\t\t\t\t<p align=\"left\"><strong>Adressen die jeder (Sch\u00fcler\/Lehrer) braucht!<\/strong><\/p><table border=\"1\" width=\"62%\" cellspacing=\"5\" cellpadding=\"5\"><tbody><tr bgcolor=\"#FF9933\"><td colspan=\"3\"><div align=\"center\"><span style=\"font-size: small;\"><b>Sicherheit im Internet<\/b><\/span><\/div><\/td><\/tr><tr><td width=\"20%\">Safer Internet<\/td><td width=\"56%\">Infos f\u00fcr Sch\u00fcler, Eltern und Lehrer<\/td><td width=\"24%\"><a style=\"font-family: Roboto, sans-serif; font-size: 16px; font-style: normal; font-weight: 400;\" href=\"https:\/\/www.saferinternet.at\/\">Safer Internet<\/a><\/td><\/tr><tr><td width=\"20%\">Faktenchecker<\/td><td width=\"56%\">Texte auf Fake News \u00fcberpr\u00fcfen<\/td><td width=\"24%\"><a href=\"https:\/\/www.mimikama.org\/\">Mimikama<\/a><br \/><a href=\"https:\/\/apa.at\/faktencheck\/ueberblick\/\" target=\"_blank\" rel=\"noopener\">APA &#8211; Faktencheck<\/a><\/td><\/tr><tr><td width=\"20%\">Fotos checken<\/td><td width=\"56%\">Fotos auf Fake \u00fcberpr\u00fcfen<\/td><td width=\"24%\"><a href=\"https:\/\/www.exifdata.com\/\" target=\"_blank\" rel=\"noopener\">EXIF data<\/a><\/td><\/tr><tr bgcolor=\"#FF9933\"><td colspan=\"3\"><div align=\"center\"><span style=\"font-size: small;\"><b>Schule, Unterricht und Lehrstelleninfos<\/b><\/span><\/div><\/td><\/tr><tr><td width=\"20%\">Education Group<\/td><td width=\"56%\">Infos und Vorlagen f\u00fcr alle F\u00e4cher<\/td><td width=\"24%\"><a href=\"http:\/\/www.eduhi.at\">www.eduhi.at<\/a><\/td><\/tr><tr><td width=\"20%\">alle F\u00e4cher<\/td><td width=\"56%\">Infos rund um die Schule &#8211; Unterrichtsmaterialien f\u00fcr alle F\u00e4cher<\/td><td width=\"24%\"><a href=\"http:\/\/www.schule.at\">www.schule.at<\/a><\/td><\/tr><tr><td width=\"20%\">Lehrstelleninfos<\/td><td width=\"56%\">\u00a0<\/td><td width=\"24%\"><a href=\"http:\/\/www.lehrstelleninfo.at\">www.lehrstelleninfo.at<\/a><\/td><\/tr><tr><td>\u00a0<\/td><td>\u00a0<\/td><td>\u00a0<\/td><\/tr><tr><td>Schule Allgemein<\/td><td>Links zu vielen Zeitschriften &#8211; Telelernen &#8211; ECDL<\/td><td><a href=\"http:\/\/www.bildung.at\">www.bildung.at<\/a><\/td><\/tr><tr><td width=\"20%\">Englisch<\/td><td width=\"56%\">Texte, Grammatik, \u00dcbungen &#8211; alles was man so im Unterricht gebrauchen kann! Ideal f\u00fcr Online-\u00dcbungen.<\/td><td width=\"24%\"><a href=\"http:\/\/www.englischlehrer.de\">www.englischlehrer.de<\/a><\/td><\/tr><tr><td width=\"20%\">Englisch<\/td><td width=\"56%\">Texte, Grammatik, \u00dcbungen &#8211; alles was man so im Unterricht gebrauchen kann! Ideal f\u00fcr Online-\u00dcbungen.<\/td><td width=\"24%\"><a href=\"http:\/\/www.englishpage.com\">www.englishpage.com<\/a><\/td><\/tr><tr><td>Englisch<\/td><td>Englich f\u00fcr Anf\u00e4nger &#8211; einfache Lernspiele<\/td><td><a href=\"http:\/\/www.kico4u.de\">www.kico4u.de<\/a><\/td><\/tr><tr><td width=\"20%\">Englisch &#8211; W\u00f6rterbuch<\/td><td width=\"56%\">\u00dcbersetzt D-E und E-D<\/td><td width=\"24%\"><a href=\"http:\/\/dict.tu-chemnitz.de\">dict.tu-chemnitz.de<\/a><\/td><\/tr><tr><td width=\"20%\">\u00a0<\/td><td width=\"56%\">\u00a0<\/td><td width=\"24%\">\u00a0<\/td><\/tr><tr><td>allgemeines Wissen<\/td><td>\u00a0<\/td><td><a href=\"http:\/\/www.wikipedia.at\">www.wikipedia.at<\/a><\/td><\/tr><tr><td width=\"20%\">Allgemein<\/td><td width=\"56%\">Interessante Unterrichtsideen f\u00fcr die Kleinen<\/td><td width=\"24%\"><a href=\"http:\/\/www.zzzebra.de\">www.zzzebra.de<\/a><\/td><\/tr><tr bgcolor=\"#FF9933\"><td colspan=\"3\"><div align=\"center\"><span style=\"font-size: small;\"><b>Service: Telefonbuch, Zugauskunft<\/b><\/span><\/div><\/td><\/tr><tr><td width=\"20%\">Telefonbuch<\/td><td width=\"56%\">Online-Ausgabe der \u00f6sterreichischen Telefonb\u00fccher<\/td><td width=\"24%\"><a href=\"http:\/\/www.herold.at\">www.herold.at<\/a><\/td><\/tr><tr><td width=\"20%\">Zugauskunft<\/td><td width=\"56%\">Alle Zugverbindungen der \u00d6BB<\/td><td width=\"24%\"><a href=\"http:\/\/www.oebb.at\">www.oebb.at<\/a><\/td><\/tr><tr><td width=\"20%\" height=\"30\">\u00a0<\/td><td width=\"56%\" height=\"30\">\u00a0<\/td><td width=\"24%\" height=\"30\">\u00a0<\/td><\/tr><tr bgcolor=\"#FF9933\"><td colspan=\"3\"><div align=\"center\"><span style=\"font-size: small;\"><b>Suchmaschinen<\/b><\/span><\/div><\/td><\/tr><tr><td width=\"20%\">google<\/td><td width=\"56%\"><p>Die wohl bekannteste Suchmaschine,<\/p><p>im neuen Frame \u00f6ffnen.<\/p><\/td><td width=\"24%\"><a href=\"http:\/\/www.google.at\">www.google.at<\/a><\/td><\/tr><tr><td width=\"20%\">yahoo<\/td><td width=\"56%\">Sucht auch gut<\/td><td width=\"24%\"><a href=\"http:\/\/www.alltheweb.com\">www.alltheweb.com<\/a><\/td><\/tr><tr><td width=\"20%\">\u00a0<\/td><td width=\"56%\">\u00a0<\/td><td width=\"24%\">\u00a0<\/td><\/tr><tr><td width=\"20%\">\u00a0<\/td><td width=\"56%\">\u00a0<\/td><td width=\"24%\">\u00a0<\/td><\/tr><\/tbody><\/table>\t\t\t\t\t\t<\/div>\n\t\t\t\t<\/div>\n\t\t\t\t\t<\/div>\n\t\t<\/div>\n\t\t\t\t\t<\/div>\n\t\t<\/section>\n\t\t\t\t<\/div>\n\t\t","protected":false},"excerpt":{"rendered":"<p>Adressen die jeder (Sch\u00fcler\/Lehrer) braucht! Sicherheit im Internet Safer Internet Infos f\u00fcr Sch\u00fcler, Eltern und Lehrer Safer Internet Faktenchecker Texte auf Fake News \u00fcberpr\u00fcfen Mimikama APA &#8211; Faktencheck Fotos checken Fotos auf Fake \u00fcberpr\u00fcfen EXIF data Schule, Unterricht und Lehrstelleninfos Education Group Infos und Vorlagen f\u00fcr alle F\u00e4cher www.eduhi.at alle F\u00e4cher Infos rund um die Schule &#8211; Unterrichtsmaterialien f\u00fcr alle F\u00e4cher www.schule.at Lehrstelleninfos www.lehrstelleninfo.at Schule Allgemein Links zu vielen Zeitschriften <a class=\"more-link\" href=\"https:\/\/mittelschule.st-aegidi.at\/index.php\/links-zu-internetadressen\/\">weiterlesen&#8230;<\/a><\/p>\n","protected":false},"author":1,"featured_media":0,"parent":0,"menu_order":0,"comment_status":"closed","ping_status":"closed","template":"","meta":{"footnotes":""},"class_list":["post-26","page","type-page","status-publish","hentry"],"jetpack_sharing_enabled":true,"_links":{"self":[{"href":"https:\/\/mittelschule.st-aegidi.at\/index.php\/wp-json\/wp\/v2\/pages\/26","targetHints":{"allow":["GET"]}}],"collection":[{"href":"https:\/\/mittelschule.st-aegidi.at\/index.php\/wp-json\/wp\/v2\/pages"}],"about":[{"href":"https:\/\/mittelschule.st-aegidi.at\/index.php\/wp-json\/wp\/v2\/types\/page"}],"author":[{"embeddable":true,"href":"https:\/\/mittelschule.st-aegidi.at\/index.php\/wp-json\/wp\/v2\/users\/1"}],"replies":[{"embeddable":true,"href":"https:\/\/mittelschule.st-aegidi.at\/index.php\/wp-json\/wp\/v2\/comments?post=26"}],"version-history":[{"count":17,"href":"https:\/\/mittelschule.st-aegidi.at\/index.php\/wp-json\/wp\/v2\/pages\/26\/revisions"}],"predecessor-version":[{"id":2196,"href":"https:\/\/mittelschule.st-aegidi.at\/index.php\/wp-json\/wp\/v2\/pages\/26\/revisions\/2196"}],"wp:attachment":[{"href":"https:\/\/mittelschule.st-aegidi.at\/index.php\/wp-json\/wp\/v2\/media?parent=26"}],"curies":[{"name":"wp","href":"https:\/\/api.w.org\/{rel}","templated":true}]}}